{"id":44,"date":"2021-12-16T12:16:03","date_gmt":"2021-12-16T12:16:03","guid":{"rendered":"https:\/\/www.alfa-servis.cz\/?page_id=44"},"modified":"2021-12-20T13:36:26","modified_gmt":"2021-12-20T13:36:26","slug":"uvodni-stranka","status":"publish","type":"page","link":"https:\/\/www.alfa-servis.cz\/","title":{"rendered":"\u00davodn\u00ed strana"},"content":{"rendered":"\r\n<div class=\"wp-block-cover alignfull has-white-background-color has-background-dim hestia-clear-top-padding\">\r\n<div class=\"wp-block-cover__inner-container is-layout-flow wp-block-cover-is-layout-flow\">\r\n<h2 class=\"has-text-align-center has-text-color wp-block-heading\" style=\"color: #3c4858;\">What we stand for<\/h2>\r\n\r\n\r\n\r\n<div class=\"wp-block-spacer\" style=\"height: 40px;\" aria-hidden=\"true\">\u00a0<\/div>\r\n\r\n\r\n\r\n<div class=\"wp-block-columns container is-layout-flex wp-container-core-columns-is-layout-1 wp-block-columns-is-layout-flex\">\r\n<div class=\"wp-block-column is-layout-flow wp-block-column-is-layout-flow\">\r\n<div class=\"wp-block-image\">\r\n<figure class=\"aligncenter size-large\"><img decoding=\"async\" class=\"wp-image-70\" src=\"https:\/\/www.alfa-servis.cz\/wp-content\/themes\/hestia\/assets\/img\/feat1.png\" alt=\"\" \/><\/figure>\r\n<\/div>\r\n\r\n\r\n\r\n<h5 class=\"has-text-align-center has-text-color wp-block-heading\" style=\"color: #3c4858; font-size: 18px;\">Responsive<\/h5>\r\n\r\n\r\n\r\n<p class=\"has-text-align-center has-text-color\" style=\"color: #999999; font-size: 14px;\">Lorem ipsum dolor sit amet, consectetur adipiscing elit, sed do eiusmod tempor incididunt ut labore et dolore magna aliqua.<\/p>\r\n\r\n\r\n\r\n<div class=\"wp-block-spacer\" style=\"height: 25px;\" aria-hidden=\"true\">\u00a0<\/div>\r\n<\/div>\r\n\r\n\r\n\r\n<div class=\"wp-block-column is-layout-flow wp-block-column-is-layout-flow\">\r\n<div class=\"wp-block-image\">\r\n<figure class=\"aligncenter size-large\"><img decoding=\"async\" class=\"wp-image-71\" src=\"https:\/\/www.alfa-servis.cz\/wp-content\/themes\/hestia\/assets\/img\/feat2.png\" alt=\"\" \/><\/figure>\r\n<\/div>\r\n\r\n\r\n\r\n<h5 class=\"has-text-align-center has-text-color wp-block-heading\" style=\"color: #3c4858; font-size: 18px;\">Quality<\/h5>\r\n\r\n\r\n\r\n<p class=\"has-text-align-center has-text-color\" style=\"color: #999999; font-size: 14px;\">Lorem ipsum dolor sit amet, consectetur adipiscing elit, sed do eiusmod tempor incididunt ut labore et dolore magna aliqua.<\/p>\r\n\r\n\r\n\r\n<div class=\"wp-block-spacer\" style=\"height: 25px;\" aria-hidden=\"true\">\u00a0<\/div>\r\n<\/div>\r\n\r\n\r\n\r\n<div class=\"wp-block-column is-layout-flow wp-block-column-is-layout-flow\">\r\n<div class=\"wp-block-image\">\r\n<figure class=\"aligncenter size-large\"><img decoding=\"async\" class=\"wp-image-72\" src=\"https:\/\/www.alfa-servis.cz\/wp-content\/themes\/hestia\/assets\/img\/feat3.png\" alt=\"\" \/><\/figure>\r\n<\/div>\r\n\r\n\r\n\r\n<h5 class=\"has-text-align-center has-text-color wp-block-heading\" style=\"color: #3c4858; font-size: 18px;\">Support<\/h5>\r\n\r\n\r\n\r\n<p class=\"has-text-align-center has-text-color\" style=\"color: #999999; font-size: 14px;\">Lorem ipsum dolor sit amet, consectetur adipiscing elit, sed do eiusmod tempor incididunt ut labore et dolore magna aliqua.<\/p>\r\n\r\n\r\n\r\n<div class=\"wp-block-spacer\" style=\"height: 25px;\" aria-hidden=\"true\">\u00a0<\/div>\r\n<\/div>\r\n<\/div>\r\n\r\n\r\n\r\n<div class=\"wp-block-spacer\" style=\"height: 40px;\" aria-hidden=\"true\">\u00a0<\/div>\r\n<\/div>\r\n<\/div>\r\n\r\n\r\n\r\n<div class=\"wp-block-columns container is-layout-flex wp-container-core-columns-is-layout-2 wp-block-columns-is-layout-flex\">\r\n<div class=\"wp-block-column col-md-5 is-layout-flow wp-block-column-is-layout-flow\">\r\n<div class=\"wp-block-spacer\" style=\"height: 55px;\" aria-hidden=\"true\">\u00a0<\/div>\r\n\r\n\r\n\r\n<h2 class=\"wp-block-heading\">About Hestia<\/h2>\r\n\r\n\r\n\r\n<p>Need more details? Please check our full documentation for detailed information on how to use Hestia.<\/p>\r\n<\/div>\r\n\r\n\r\n\r\n<div class=\"wp-block-column col-md-6 col-md-offset1 is-layout-flow wp-block-column-is-layout-flow\">\r\n<div class=\"wp-block-spacer\" style=\"height: 55px;\" aria-hidden=\"true\">\u00a0<\/div>\r\n\r\n\r\n\r\n<figure class=\"wp-block-image size-large\"><img decoding=\"async\" class=\"wp-image-81\" src=\"https:\/\/www.alfa-servis.cz\/wp-content\/themes\/hestia\/assets\/img\/about-content.png\" alt=\"\" \/><\/figure>\r\n\r\n\r\n\r\n<p>&nbsp;<\/p>\r\n<\/div>\r\n<\/div>\r\n","protected":false},"excerpt":{"rendered":"<p>About Hestia Need more details? Please check our full documentation for detailed information on how to use Hestia. &nbsp;<\/p>\n","protected":false},"author":1,"featured_media":0,"parent":0,"menu_order":0,"comment_status":"closed","ping_status":"closed","template":"","meta":{"_ti_tpc_template_sync":false,"_ti_tpc_template_id":"","footnotes":""},"yoast_head":"<!-- This site is optimized with the Yoast SEO plugin v22.4 - https:\/\/yoast.com\/wordpress\/plugins\/seo\/ -->\n<title>\u00davodn\u00ed strana - ALFA-SERVIS.CZ<\/title>\n<meta name=\"robots\" content=\"index, follow, max-snippet:-1, max-image-preview:large, max-video-preview:-1\" \/>\n<link rel=\"canonical\" href=\"https:\/\/www.alfa-servis.cz\/\" \/>\n<meta property=\"og:locale\" content=\"cs_CZ\" \/>\n<meta property=\"og:type\" content=\"article\" \/>\n<meta property=\"og:title\" content=\"\u00davodn\u00ed strana - ALFA-SERVIS.CZ\" \/>\n<meta property=\"og:description\" content=\"About Hestia Need more details? Please check our full documentation for detailed information on how to use Hestia. &nbsp;\" \/>\n<meta property=\"og:url\" content=\"https:\/\/www.alfa-servis.cz\/\" \/>\n<meta property=\"og:site_name\" content=\"ALFA-SERVIS.CZ\" \/>\n<meta property=\"article:modified_time\" content=\"2021-12-20T13:36:26+00:00\" \/>\n<meta property=\"og:image\" content=\"https:\/\/www.alfa-servis.cz\/wp-content\/themes\/hestia\/assets\/img\/feat1.png\" \/>\n<meta name=\"twitter:card\" content=\"summary_large_image\" \/>\n<script type=\"application\/ld+json\" class=\"yoast-schema-graph\">{\"@context\":\"https:\/\/schema.org\",\"@graph\":[{\"@type\":\"WebPage\",\"@id\":\"https:\/\/www.alfa-servis.cz\/\",\"url\":\"https:\/\/www.alfa-servis.cz\/\",\"name\":\"\u00davodn\u00ed strana - ALFA-SERVIS.CZ\",\"isPartOf\":{\"@id\":\"https:\/\/www.alfa-servis.cz\/#website\"},\"primaryImageOfPage\":{\"@id\":\"https:\/\/www.alfa-servis.cz\/#primaryimage\"},\"image\":{\"@id\":\"https:\/\/www.alfa-servis.cz\/#primaryimage\"},\"thumbnailUrl\":\"https:\/\/www.alfa-servis.cz\/wp-content\/themes\/hestia\/assets\/img\/feat1.png\",\"datePublished\":\"2021-12-16T12:16:03+00:00\",\"dateModified\":\"2021-12-20T13:36:26+00:00\",\"breadcrumb\":{\"@id\":\"https:\/\/www.alfa-servis.cz\/#breadcrumb\"},\"inLanguage\":\"cs\",\"potentialAction\":[{\"@type\":\"ReadAction\",\"target\":[\"https:\/\/www.alfa-servis.cz\/\"]}]},{\"@type\":\"ImageObject\",\"inLanguage\":\"cs\",\"@id\":\"https:\/\/www.alfa-servis.cz\/#primaryimage\",\"url\":\"https:\/\/www.alfa-servis.cz\/wp-content\/themes\/hestia\/assets\/img\/feat1.png\",\"contentUrl\":\"https:\/\/www.alfa-servis.cz\/wp-content\/themes\/hestia\/assets\/img\/feat1.png\"},{\"@type\":\"BreadcrumbList\",\"@id\":\"https:\/\/www.alfa-servis.cz\/#breadcrumb\",\"itemListElement\":[{\"@type\":\"ListItem\",\"position\":1,\"name\":\"Dom\u016f\",\"item\":\"https:\/\/www.alfa-servis.cz\/\"},{\"@type\":\"ListItem\",\"position\":2,\"name\":\"\u00davodn\u00ed strana\"}]},{\"@type\":\"WebSite\",\"@id\":\"https:\/\/www.alfa-servis.cz\/#website\",\"url\":\"https:\/\/www.alfa-servis.cz\/\",\"name\":\"ALFA-SERVIS.CZ\",\"description\":\"Zak\u00e1zkov\u00e1 kovov\u00fdroba s dlouholetou tradic\u00ed.\",\"publisher\":{\"@id\":\"https:\/\/www.alfa-servis.cz\/#organization\"},\"potentialAction\":[{\"@type\":\"SearchAction\",\"target\":{\"@type\":\"EntryPoint\",\"urlTemplate\":\"https:\/\/www.alfa-servis.cz\/?s={search_term_string}\"},\"query-input\":\"required name=search_term_string\"}],\"inLanguage\":\"cs\"},{\"@type\":\"Organization\",\"@id\":\"https:\/\/www.alfa-servis.cz\/#organization\",\"name\":\"ALFA-SERVIS.CZ\",\"url\":\"https:\/\/www.alfa-servis.cz\/\",\"logo\":{\"@type\":\"ImageObject\",\"inLanguage\":\"cs\",\"@id\":\"https:\/\/www.alfa-servis.cz\/#\/schema\/logo\/image\/\",\"url\":\"https:\/\/www.alfa-servis.cz\/wp-content\/uploads\/2021\/12\/cropped-cropped-logo1-1-1024x123-1-1.png\",\"contentUrl\":\"https:\/\/www.alfa-servis.cz\/wp-content\/uploads\/2021\/12\/cropped-cropped-logo1-1-1024x123-1-1.png\",\"width\":1024,\"height\":123,\"caption\":\"ALFA-SERVIS.CZ\"},\"image\":{\"@id\":\"https:\/\/www.alfa-servis.cz\/#\/schema\/logo\/image\/\"}}]}<\/script>\n<!-- \/ Yoast SEO plugin. -->","yoast_head_json":{"title":"\u00davodn\u00ed strana - ALFA-SERVIS.CZ","robots":{"index":"index","follow":"follow","max-snippet":"max-snippet:-1","max-image-preview":"max-image-preview:large","max-video-preview":"max-video-preview:-1"},"canonical":"https:\/\/www.alfa-servis.cz\/","og_locale":"cs_CZ","og_type":"article","og_title":"\u00davodn\u00ed strana - ALFA-SERVIS.CZ","og_description":"About Hestia Need more details? Please check our full documentation for detailed information on how to use Hestia. &nbsp;","og_url":"https:\/\/www.alfa-servis.cz\/","og_site_name":"ALFA-SERVIS.CZ","article_modified_time":"2021-12-20T13:36:26+00:00","og_image":[{"url":"https:\/\/www.alfa-servis.cz\/wp-content\/themes\/hestia\/assets\/img\/feat1.png"}],"twitter_card":"summary_large_image","schema":{"@context":"https:\/\/schema.org","@graph":[{"@type":"WebPage","@id":"https:\/\/www.alfa-servis.cz\/","url":"https:\/\/www.alfa-servis.cz\/","name":"\u00davodn\u00ed strana - ALFA-SERVIS.CZ","isPartOf":{"@id":"https:\/\/www.alfa-servis.cz\/#website"},"primaryImageOfPage":{"@id":"https:\/\/www.alfa-servis.cz\/#primaryimage"},"image":{"@id":"https:\/\/www.alfa-servis.cz\/#primaryimage"},"thumbnailUrl":"https:\/\/www.alfa-servis.cz\/wp-content\/themes\/hestia\/assets\/img\/feat1.png","datePublished":"2021-12-16T12:16:03+00:00","dateModified":"2021-12-20T13:36:26+00:00","breadcrumb":{"@id":"https:\/\/www.alfa-servis.cz\/#breadcrumb"},"inLanguage":"cs","potentialAction":[{"@type":"ReadAction","target":["https:\/\/www.alfa-servis.cz\/"]}]},{"@type":"ImageObject","inLanguage":"cs","@id":"https:\/\/www.alfa-servis.cz\/#primaryimage","url":"https:\/\/www.alfa-servis.cz\/wp-content\/themes\/hestia\/assets\/img\/feat1.png","contentUrl":"https:\/\/www.alfa-servis.cz\/wp-content\/themes\/hestia\/assets\/img\/feat1.png"},{"@type":"BreadcrumbList","@id":"https:\/\/www.alfa-servis.cz\/#breadcrumb","itemListElement":[{"@type":"ListItem","position":1,"name":"Dom\u016f","item":"https:\/\/www.alfa-servis.cz\/"},{"@type":"ListItem","position":2,"name":"\u00davodn\u00ed strana"}]},{"@type":"WebSite","@id":"https:\/\/www.alfa-servis.cz\/#website","url":"https:\/\/www.alfa-servis.cz\/","name":"ALFA-SERVIS.CZ","description":"Zak\u00e1zkov\u00e1 kovov\u00fdroba s dlouholetou tradic\u00ed.","publisher":{"@id":"https:\/\/www.alfa-servis.cz\/#organization"},"potentialAction":[{"@type":"SearchAction","target":{"@type":"EntryPoint","urlTemplate":"https:\/\/www.alfa-servis.cz\/?s={search_term_string}"},"query-input":"required name=search_term_string"}],"inLanguage":"cs"},{"@type":"Organization","@id":"https:\/\/www.alfa-servis.cz\/#organization","name":"ALFA-SERVIS.CZ","url":"https:\/\/www.alfa-servis.cz\/","logo":{"@type":"ImageObject","inLanguage":"cs","@id":"https:\/\/www.alfa-servis.cz\/#\/schema\/logo\/image\/","url":"https:\/\/www.alfa-servis.cz\/wp-content\/uploads\/2021\/12\/cropped-cropped-logo1-1-1024x123-1-1.png","contentUrl":"https:\/\/www.alfa-servis.cz\/wp-content\/uploads\/2021\/12\/cropped-cropped-logo1-1-1024x123-1-1.png","width":1024,"height":123,"caption":"ALFA-SERVIS.CZ"},"image":{"@id":"https:\/\/www.alfa-servis.cz\/#\/schema\/logo\/image\/"}}]}},"_links":{"self":[{"href":"https:\/\/www.alfa-servis.cz\/index.php?rest_route=\/wp\/v2\/pages\/44"}],"collection":[{"href":"https:\/\/www.alfa-servis.cz\/index.php?rest_route=\/wp\/v2\/pages"}],"about":[{"href":"https:\/\/www.alfa-servis.cz\/index.php?rest_route=\/wp\/v2\/types\/page"}],"author":[{"embeddable":true,"href":"https:\/\/www.alfa-servis.cz\/index.php?rest_route=\/wp\/v2\/users\/1"}],"replies":[{"embeddable":true,"href":"https:\/\/www.alfa-servis.cz\/index.php?rest_route=%2Fwp%2Fv2%2Fcomments&post=44"}],"version-history":[{"count":3,"href":"https:\/\/www.alfa-servis.cz\/index.php?rest_route=\/wp\/v2\/pages\/44\/revisions"}],"predecessor-version":[{"id":76,"href":"https:\/\/www.alfa-servis.cz\/index.php?rest_route=\/wp\/v2\/pages\/44\/revisions\/76"}],"wp:attachment":[{"href":"https:\/\/www.alfa-servis.cz\/index.php?rest_route=%2Fwp%2Fv2%2Fmedia&parent=44"}],"curies":[{"name":"wp","href":"https:\/\/api.w.org\/{rel}","templated":true}]}}