{"id":84,"date":"2021-12-20T13:48:28","date_gmt":"2021-12-20T13:48:28","guid":{"rendered":"https:\/\/www.alfa-servis.cz\/?page_id=84"},"modified":"2021-12-20T13:48:28","modified_gmt":"2021-12-20T13:48:28","slug":"fotogalerie","status":"publish","type":"page","link":"https:\/\/www.alfa-servis.cz\/?page_id=84","title":{"rendered":"Fotogalerie"},"content":{"rendered":"","protected":false},"excerpt":{"rendered":"","protected":false},"author":1,"featured_media":0,"parent":0,"menu_order":0,"comment_status":"closed","ping_status":"closed","template":"","meta":{"_ti_tpc_template_sync":false,"_ti_tpc_template_id":"","footnotes":""},"yoast_head":"<!-- This site is optimized with the Yoast SEO plugin v22.4 - https:\/\/yoast.com\/wordpress\/plugins\/seo\/ -->\n<title>Fotogalerie - ALFA-SERVIS.CZ<\/title>\n<meta name=\"robots\" content=\"index, follow, max-snippet:-1, max-image-preview:large, max-video-preview:-1\" \/>\n<link rel=\"canonical\" href=\"https:\/\/www.alfa-servis.cz\/?page_id=84\" \/>\n<meta property=\"og:locale\" content=\"cs_CZ\" \/>\n<meta property=\"og:type\" content=\"article\" \/>\n<meta property=\"og:title\" content=\"Fotogalerie - ALFA-SERVIS.CZ\" \/>\n<meta property=\"og:url\" content=\"https:\/\/www.alfa-servis.cz\/?page_id=84\" \/>\n<meta property=\"og:site_name\" content=\"ALFA-SERVIS.CZ\" \/>\n<meta name=\"twitter:card\" content=\"summary_large_image\" \/>\n<script type=\"application\/ld+json\" class=\"yoast-schema-graph\">{\"@context\":\"https:\/\/schema.org\",\"@graph\":[{\"@type\":\"WebPage\",\"@id\":\"https:\/\/www.alfa-servis.cz\/?page_id=84\",\"url\":\"https:\/\/www.alfa-servis.cz\/?page_id=84\",\"name\":\"Fotogalerie - ALFA-SERVIS.CZ\",\"isPartOf\":{\"@id\":\"https:\/\/www.alfa-servis.cz\/#website\"},\"datePublished\":\"2021-12-20T13:48:28+00:00\",\"dateModified\":\"2021-12-20T13:48:28+00:00\",\"breadcrumb\":{\"@id\":\"https:\/\/www.alfa-servis.cz\/?page_id=84#breadcrumb\"},\"inLanguage\":\"cs\",\"potentialAction\":[{\"@type\":\"ReadAction\",\"target\":[\"https:\/\/www.alfa-servis.cz\/?page_id=84\"]}]},{\"@type\":\"BreadcrumbList\",\"@id\":\"https:\/\/www.alfa-servis.cz\/?page_id=84#breadcrumb\",\"itemListElement\":[{\"@type\":\"ListItem\",\"position\":1,\"name\":\"Dom\u016f\",\"item\":\"https:\/\/www.alfa-servis.cz\/\"},{\"@type\":\"ListItem\",\"position\":2,\"name\":\"Fotogalerie\"}]},{\"@type\":\"WebSite\",\"@id\":\"https:\/\/www.alfa-servis.cz\/#website\",\"url\":\"https:\/\/www.alfa-servis.cz\/\",\"name\":\"ALFA-SERVIS.CZ\",\"description\":\"Zak\u00e1zkov\u00e1 kovov\u00fdroba s dlouholetou tradic\u00ed.\",\"publisher\":{\"@id\":\"https:\/\/www.alfa-servis.cz\/#organization\"},\"potentialAction\":[{\"@type\":\"SearchAction\",\"target\":{\"@type\":\"EntryPoint\",\"urlTemplate\":\"https:\/\/www.alfa-servis.cz\/?s={search_term_string}\"},\"query-input\":\"required name=search_term_string\"}],\"inLanguage\":\"cs\"},{\"@type\":\"Organization\",\"@id\":\"https:\/\/www.alfa-servis.cz\/#organization\",\"name\":\"ALFA-SERVIS.CZ\",\"url\":\"https:\/\/www.alfa-servis.cz\/\",\"logo\":{\"@type\":\"ImageObject\",\"inLanguage\":\"cs\",\"@id\":\"https:\/\/www.alfa-servis.cz\/#\/schema\/logo\/image\/\",\"url\":\"https:\/\/www.alfa-servis.cz\/wp-content\/uploads\/2021\/12\/cropped-cropped-logo1-1-1024x123-1-1.png\",\"contentUrl\":\"https:\/\/www.alfa-servis.cz\/wp-content\/uploads\/2021\/12\/cropped-cropped-logo1-1-1024x123-1-1.png\",\"width\":1024,\"height\":123,\"caption\":\"ALFA-SERVIS.CZ\"},\"image\":{\"@id\":\"https:\/\/www.alfa-servis.cz\/#\/schema\/logo\/image\/\"}}]}<\/script>\n<!-- \/ Yoast SEO plugin. -->","yoast_head_json":{"title":"Fotogalerie - ALFA-SERVIS.CZ","robots":{"index":"index","follow":"follow","max-snippet":"max-snippet:-1","max-image-preview":"max-image-preview:large","max-video-preview":"max-video-preview:-1"},"canonical":"https:\/\/www.alfa-servis.cz\/?page_id=84","og_locale":"cs_CZ","og_type":"article","og_title":"Fotogalerie - ALFA-SERVIS.CZ","og_url":"https:\/\/www.alfa-servis.cz\/?page_id=84","og_site_name":"ALFA-SERVIS.CZ","twitter_card":"summary_large_image","schema":{"@context":"https:\/\/schema.org","@graph":[{"@type":"WebPage","@id":"https:\/\/www.alfa-servis.cz\/?page_id=84","url":"https:\/\/www.alfa-servis.cz\/?page_id=84","name":"Fotogalerie - ALFA-SERVIS.CZ","isPartOf":{"@id":"https:\/\/www.alfa-servis.cz\/#website"},"datePublished":"2021-12-20T13:48:28+00:00","dateModified":"2021-12-20T13:48:28+00:00","breadcrumb":{"@id":"https:\/\/www.alfa-servis.cz\/?page_id=84#breadcrumb"},"inLanguage":"cs","potentialAction":[{"@type":"ReadAction","target":["https:\/\/www.alfa-servis.cz\/?page_id=84"]}]},{"@type":"BreadcrumbList","@id":"https:\/\/www.alfa-servis.cz\/?page_id=84#breadcrumb","itemListElement":[{"@type":"ListItem","position":1,"name":"Dom\u016f","item":"https:\/\/www.alfa-servis.cz\/"},{"@type":"ListItem","position":2,"name":"Fotogalerie"}]},{"@type":"WebSite","@id":"https:\/\/www.alfa-servis.cz\/#website","url":"https:\/\/www.alfa-servis.cz\/","name":"ALFA-SERVIS.CZ","description":"Zak\u00e1zkov\u00e1 kovov\u00fdroba s dlouholetou tradic\u00ed.","publisher":{"@id":"https:\/\/www.alfa-servis.cz\/#organization"},"potentialAction":[{"@type":"SearchAction","target":{"@type":"EntryPoint","urlTemplate":"https:\/\/www.alfa-servis.cz\/?s={search_term_string}"},"query-input":"required name=search_term_string"}],"inLanguage":"cs"},{"@type":"Organization","@id":"https:\/\/www.alfa-servis.cz\/#organization","name":"ALFA-SERVIS.CZ","url":"https:\/\/www.alfa-servis.cz\/","logo":{"@type":"ImageObject","inLanguage":"cs","@id":"https:\/\/www.alfa-servis.cz\/#\/schema\/logo\/image\/","url":"https:\/\/www.alfa-servis.cz\/wp-content\/uploads\/2021\/12\/cropped-cropped-logo1-1-1024x123-1-1.png","contentUrl":"https:\/\/www.alfa-servis.cz\/wp-content\/uploads\/2021\/12\/cropped-cropped-logo1-1-1024x123-1-1.png","width":1024,"height":123,"caption":"ALFA-SERVIS.CZ"},"image":{"@id":"https:\/\/www.alfa-servis.cz\/#\/schema\/logo\/image\/"}}]}},"_links":{"self":[{"href":"https:\/\/www.alfa-servis.cz\/index.php?rest_route=\/wp\/v2\/pages\/84"}],"collection":[{"href":"https:\/\/www.alfa-servis.cz\/index.php?rest_route=\/wp\/v2\/pages"}],"about":[{"href":"https:\/\/www.alfa-servis.cz\/index.php?rest_route=\/wp\/v2\/types\/page"}],"author":[{"embeddable":true,"href":"https:\/\/www.alfa-servis.cz\/index.php?rest_route=\/wp\/v2\/users\/1"}],"replies":[{"embeddable":true,"href":"https:\/\/www.alfa-servis.cz\/index.php?rest_route=%2Fwp%2Fv2%2Fcomments&post=84"}],"version-history":[{"count":1,"href":"https:\/\/www.alfa-servis.cz\/index.php?rest_route=\/wp\/v2\/pages\/84\/revisions"}],"predecessor-version":[{"id":85,"href":"https:\/\/www.alfa-servis.cz\/index.php?rest_route=\/wp\/v2\/pages\/84\/revisions\/85"}],"wp:attachment":[{"href":"https:\/\/www.alfa-servis.cz\/index.php?rest_route=%2Fwp%2Fv2%2Fmedia&parent=84"}],"curies":[{"name":"wp","href":"https:\/\/api.w.org\/{rel}","templated":true}]}}